{"id":11482,"date":"2024-07-22T09:32:43","date_gmt":"2024-07-22T15:32:43","guid":{"rendered":"https:\/\/tecsoinco.com\/?post_type=product&#038;p=11482"},"modified":"2025-03-27T11:33:39","modified_gmt":"2025-03-27T17:33:39","slug":"medical-module","status":"publish","type":"product","link":"https:\/\/tecsoinco.com\/es\/producto\/medical-module\/","title":{"rendered":"M\u00f3dulo m\u00e9dico"},"content":{"rendered":"<ul>\n<li>Inicio del panel de control<\/li>\n<li>Gesti\u00f3n de usuarios<\/li>\n<li>Productos<\/li>\n<li>servicios<\/li>\n<li>Gesti\u00f3n financiera<\/li>\n<li>Gesti\u00f3n comercial<\/li>\n<li>gestionproyectos<\/li>\n<li>Clientes CRM<\/li>\n<li>Gestion<\/li>\n<li>terceros<\/li>\n<li>punto de venta<\/li>\n<li>gestion contratos<\/li>\n<li>Gesti\u00f3n de documentos<\/li>\n<li>Gesti\u00f3nRRHH<\/li>\n<li>Agenda de consultas m\u00e9dicas<\/li>\n<li>facturacion<\/li>\n<li>Registro de empleados<\/li>\n<li>cl\u00ednico hist\u00f3rico<\/li>\n<li>inventario farmaceutico<\/li>\n<li>sistema punto de venta<\/li>\n<\/ul>","protected":false},"excerpt":{"rendered":"<p>Inicio del panel de control Gesti\u00f3n de usuarios Productos servicios Gesti\u00f3n financiera Gesti\u00f3n comercial gestionproyectos Clientes CRM Gestion terceros punto de venta gestion contratos Gesti\u00f3n de documentos Gesti\u00f3nRRHH Agenda de consultas m\u00e9dicas facturacion Registro de empleados cl\u00ednico hist\u00f3rico inventario farmaceutico sistema punto de venta<\/p>","protected":false},"featured_media":11483,"template":"","meta":[],"product_brand":[],"product_cat":[152],"product_tag":[],"class_list":{"0":"post-11482","1":"product","2":"type-product","3":"status-publish","4":"has-post-thumbnail","6":"product_cat-tecsoin-360","8":"first","9":"instock","10":"virtual","11":"taxable","12":"purchasable","13":"product-type-simple"},"bundled_by":[],"bundle_stock_status":"instock","bundle_stock_quantity":null,"bundle_virtual":false,"bundle_layout":"","bundle_add_to_cart_form_location":"","bundle_editable_in_cart":false,"bundle_sold_individually_context":"","bundle_item_grouping":"","bundle_min_size":"","bundle_max_size":"","bundle_price":[],"bundled_items":[],"bundle_sell_ids":[],"_links":{"self":[{"href":"https:\/\/tecsoinco.com\/es\/wp-json\/wp\/v2\/product\/11482","targetHints":{"allow":["GET"]}}],"collection":[{"href":"https:\/\/tecsoinco.com\/es\/wp-json\/wp\/v2\/product"}],"about":[{"href":"https:\/\/tecsoinco.com\/es\/wp-json\/wp\/v2\/types\/product"}],"wp:featuredmedia":[{"embeddable":true,"href":"https:\/\/tecsoinco.com\/es\/wp-json\/wp\/v2\/media\/11483"}],"wp:attachment":[{"href":"https:\/\/tecsoinco.com\/es\/wp-json\/wp\/v2\/media?parent=11482"}],"wp:term":[{"taxonomy":"product_brand","embeddable":true,"href":"https:\/\/tecsoinco.com\/es\/wp-json\/wp\/v2\/product_brand?post=11482"},{"taxonomy":"product_cat","embeddable":true,"href":"https:\/\/tecsoinco.com\/es\/wp-json\/wp\/v2\/product_cat?post=11482"},{"taxonomy":"product_tag","embeddable":true,"href":"https:\/\/tecsoinco.com\/es\/wp-json\/wp\/v2\/product_tag?post=11482"}],"curies":[{"name":"wp","href":"https:\/\/api.w.org\/{rel}","templated":true}]}}