{"id":5379,"date":"2023-04-27T22:32:16","date_gmt":"2023-04-27T22:32:16","guid":{"rendered":"https:\/\/tecsoinco.com\/?page_id=5379"},"modified":"2024-11-19T15:12:42","modified_gmt":"2024-11-19T21:12:42","slug":"privacy-policy","status":"publish","type":"page","link":"https:\/\/tecsoinco.com\/es\/privacy-policy\/","title":{"rendered":"Pol\u00edtica de privacidad"},"content":{"rendered":"<div data-elementor-type=\"wp-page\" data-elementor-id=\"5379\" class=\"elementor elementor-5379\" data-elementor-post-type=\"page\">\n\t\t\t\t\t\t<section data-particle_enable=\"false\" data-particle-mobile-disabled=\"false\" class=\"ob-is-breaking-bad elementor-section elementor-top-section elementor-element elementor-element-29016b7 elementor-section-content-middle elementor-section-full_width elementor-section-height-default elementor-section-height-default\" data-id=\"29016b7\" data-element_type=\"section\" data-settings=\"{&quot;background_background&quot;:&quot;gradient&quot;,&quot;_ob_bbad_use_it&quot;:&quot;yes&quot;,&quot;_ob_bbad_sssic_use&quot;:&quot;no&quot;,&quot;_ob_glider_is_slider&quot;:&quot;no&quot;,&quot;ekit_has_onepagescroll_dot&quot;:&quot;yes&quot;}\">\n\t\t\t\t\t\t\t<div class=\"elementor-background-overlay\"><\/div>\n\t\t\t\t\t\t\t<div class=\"elementor-container elementor-column-gap-narrow\">\n\t\t\t\t\t<div class=\"elementor-column elementor-col-50 elementor-top-column elementor-element elementor-element-4e7dbde\" data-id=\"4e7dbde\" data-element_type=\"column\" data-settings=\"{&quot;_ob_bbad_is_stalker&quot;:&quot;no&quot;,&quot;_ob_teleporter_use&quot;:false,&quot;_ob_column_hoveranimator&quot;:&quot;no&quot;,&quot;_ob_column_has_pseudo&quot;:&quot;no&quot;}\">\n\t\t\t<div class=\"elementor-widget-wrap elementor-element-populated\">\n\t\t\t\t\t\t<div class=\"elementor-element elementor-element-f83f453 ob-harakiri-inherit elementor-invisible ob-has-background-overlay elementor-widget elementor-widget-heading\" data-id=\"f83f453\" data-element_type=\"widget\" data-settings=\"{&quot;_animation&quot;:&quot;fadeInLeft&quot;,&quot;_ob_use_harakiri&quot;:&quot;yes&quot;,&quot;_ob_harakiri_writing_mode&quot;:&quot;inherit&quot;,&quot;_ob_harakiri_text_clip&quot;:&quot;none&quot;,&quot;_ob_perspektive_use&quot;:&quot;no&quot;,&quot;ekit_we_effect_on&quot;:&quot;none&quot;,&quot;_ob_poopart_use&quot;:&quot;yes&quot;,&quot;_ob_shadough_use&quot;:&quot;no&quot;,&quot;_ob_allow_hoveranimator&quot;:&quot;no&quot;,&quot;_ob_widget_stalker_use&quot;:&quot;no&quot;}\" data-widget_type=\"heading.default\">\n\t\t\t\t<div class=\"elementor-widget-container\">\n\t\t\t<style>\/*! elementor - v3.23.0 - 25-07-2024 *\/\n.elementor-heading-title{padding:0;margin:0;line-height:1}.elementor-widget-heading .elementor-heading-title[class*=elementor-size-]>a{color:inherit;font-size:inherit;line-height:inherit}.elementor-widget-heading .elementor-heading-title.elementor-size-small{font-size:15px}.elementor-widget-heading .elementor-heading-title.elementor-size-medium{font-size:19px}.elementor-widget-heading .elementor-heading-title.elementor-size-large{font-size:29px}.elementor-widget-heading .elementor-heading-title.elementor-size-xl{font-size:39px}.elementor-widget-heading .elementor-heading-title.elementor-size-xxl{font-size:59px}<\/style><h1 class=\"elementor-heading-title elementor-size-default\">Pol\u00edtica de privacidad<\/h1>\t\t<\/div>\n\t\t\t\t<\/div>\n\t\t\t\t\t<\/div>\n\t\t<\/div>\n\t\t\t\t<div class=\"elementor-column elementor-col-50 elementor-top-column elementor-element elementor-element-6534eba\" data-id=\"6534eba\" data-element_type=\"column\" data-settings=\"{&quot;background_background&quot;:&quot;classic&quot;,&quot;_ob_bbad_is_stalker&quot;:&quot;no&quot;,&quot;_ob_teleporter_use&quot;:false,&quot;_ob_column_hoveranimator&quot;:&quot;no&quot;,&quot;_ob_column_has_pseudo&quot;:&quot;no&quot;}\">\n\t\t\t<div class=\"elementor-widget-wrap elementor-element-populated\">\n\t\t\t\t\t\t<div class=\"elementor-element elementor-element-8941142 elementor-invisible ob-has-background-overlay elementor-widget elementor-widget-image\" data-id=\"8941142\" data-element_type=\"widget\" data-settings=\"{&quot;_animation&quot;:&quot;bounceIn&quot;,&quot;_ob_photomorph_use&quot;:&quot;no&quot;,&quot;_ob_perspektive_use&quot;:&quot;no&quot;,&quot;ekit_we_effect_on&quot;:&quot;none&quot;,&quot;_ob_poopart_use&quot;:&quot;yes&quot;,&quot;_ob_shadough_use&quot;:&quot;no&quot;,&quot;_ob_allow_hoveranimator&quot;:&quot;no&quot;,&quot;_ob_widget_stalker_use&quot;:&quot;no&quot;}\" data-widget_type=\"image.default\">\n\t\t\t\t<div class=\"elementor-widget-container\">\n\t\t\t<style>\/*! elementor - v3.23.0 - 25-07-2024 *\/\n.elementor-widget-image{text-align:center}.elementor-widget-image a{display:inline-block}.elementor-widget-image a img[src$=\".svg\"]{width:48px}.elementor-widget-image img{vertical-align:middle;display:inline-block}<\/style>\t\t\t\t\t\t\t\t\t\t<img fetchpriority=\"high\" decoding=\"async\" width=\"500\" height=\"500\" src=\"https:\/\/tecsoinco.com\/wp-content\/uploads\/2024\/10\/ICONOGRAFIA-8.webp\" class=\"attachment-full size-full wp-image-12890\" alt=\"\" srcset=\"https:\/\/tecsoinco.com\/wp-content\/uploads\/2024\/10\/ICONOGRAFIA-8.webp 500w, https:\/\/tecsoinco.com\/wp-content\/uploads\/2024\/10\/ICONOGRAFIA-8-300x300.webp 300w, https:\/\/tecsoinco.com\/wp-content\/uploads\/2024\/10\/ICONOGRAFIA-8-150x150.webp 150w, https:\/\/tecsoinco.com\/wp-content\/uploads\/2024\/10\/ICONOGRAFIA-8-12x12.webp 12w, https:\/\/tecsoinco.com\/wp-content\/uploads\/2024\/10\/ICONOGRAFIA-8-100x100.webp 100w\" sizes=\"(max-width: 500px) 100vw, 500px\" \/>\t\t\t\t\t\t\t\t\t\t\t\t\t<\/div>\n\t\t\t\t<\/div>\n\t\t\t\t\t<\/div>\n\t\t<\/div>\n\t\t\t\t\t<\/div>\n\t\t<\/section>\n\t\t\t\t<section data-particle_enable=\"false\" data-particle-mobile-disabled=\"false\" class=\"ob-is-breaking-bad elementor-section elementor-top-section elementor-element elementor-element-99f7f2e elementor-section-boxed elementor-section-height-default elementor-section-height-default\" data-id=\"99f7f2e\" data-element_type=\"section\" data-settings=\"{&quot;_ob_bbad_use_it&quot;:&quot;yes&quot;,&quot;_ob_bbad_sssic_use&quot;:&quot;no&quot;,&quot;_ob_glider_is_slider&quot;:&quot;no&quot;,&quot;ekit_has_onepagescroll_dot&quot;:&quot;yes&quot;}\">\n\t\t\t\t\t\t<div class=\"elementor-container elementor-column-gap-default\">\n\t\t\t\t\t<div class=\"elementor-column elementor-col-100 elementor-top-column elementor-element elementor-element-1ae9f01\" data-id=\"1ae9f01\" data-element_type=\"column\" data-settings=\"{&quot;_ob_bbad_is_stalker&quot;:&quot;no&quot;,&quot;_ob_teleporter_use&quot;:false,&quot;_ob_column_hoveranimator&quot;:&quot;no&quot;,&quot;_ob_column_has_pseudo&quot;:&quot;no&quot;}\">\n\t\t\t<div class=\"elementor-widget-wrap elementor-element-populated\">\n\t\t\t\t\t\t<div class=\"elementor-element elementor-element-bc467ff ob-harakiri-inherit ob-has-background-overlay elementor-widget elementor-widget-text-editor\" data-id=\"bc467ff\" data-element_type=\"widget\" data-settings=\"{&quot;_ob_use_harakiri&quot;:&quot;yes&quot;,&quot;_ob_harakiri_writing_mode&quot;:&quot;inherit&quot;,&quot;_ob_postman_use&quot;:&quot;no&quot;,&quot;_ob_perspektive_use&quot;:&quot;no&quot;,&quot;ekit_we_effect_on&quot;:&quot;none&quot;,&quot;_ob_poopart_use&quot;:&quot;yes&quot;,&quot;_ob_shadough_use&quot;:&quot;no&quot;,&quot;_ob_allow_hoveranimator&quot;:&quot;no&quot;,&quot;_ob_widget_stalker_use&quot;:&quot;no&quot;}\" data-widget_type=\"text-editor.default\">\n\t\t\t\t<div class=\"elementor-widget-container\">\n\t\t\t<style>\/*! elementor - v3.23.0 - 25-07-2024 *\/\n.elementor-widget-text-editor.elementor-drop-cap-view-stacked .elementor-drop-cap{background-color:#69727d;color:#fff}.elementor-widget-text-editor.elementor-drop-cap-view-framed .elementor-drop-cap{color:#69727d;border:3px solid;background-color:transparent}.elementor-widget-text-editor:not(.elementor-drop-cap-view-default) .elementor-drop-cap{margin-top:8px}.elementor-widget-text-editor:not(.elementor-drop-cap-view-default) .elementor-drop-cap-letter{width:1em;height:1em}.elementor-widget-text-editor .elementor-drop-cap{float:left;text-align:center;line-height:1;font-size:50px}.elementor-widget-text-editor .elementor-drop-cap-letter{display:inline-block}<\/style>\t\t\t\t<p><strong>TECSOIN<\/strong><\/p><p><strong>POL\u00cdTICA DE PRIVACIDAD <\/strong><strong>TECSOIN<\/strong><\/p><p><strong>RESPONSABLE DE DATOS PERSONALES <\/strong><\/p><p>www.tecsoinco.com, con diferentes sucursales ubicadas en Monclova, Coahuila tiene como finalidad proteger los datos personales proporcionados por sus usuarios y es responsable del tratamiento de los mismos, cuando sean recabados a trav\u00e9s de este sitio web, medios impresos, v\u00eda telef\u00f3nica y\/o correo electr\u00f3nico.<\/p><p><strong>TRATAMIENTO DE DATOS PERSONALES<\/strong><\/p><p>Podemos recabar sus datos personales de distintas formas: cuando usted nos los proporciona directamente; cuando visita nuestro sitio web o utiliza nuestros servicios en l\u00ednea; y cuando obtenemos informaci\u00f3n de otras fuentes que est\u00e1n permitidas por la ley.<\/p><p>Datos personales que recogemos directamente:<\/p><p>Recabamos sus datos personales directamente cuando usted mismo nos los proporciona por diversos medios, como cuando nos da informaci\u00f3n para que le prestemos un servicio.<\/p><p>Datos personales que recogemos cuando visita nuestro sitio web o utiliza nuestros servicios en l\u00ednea:<\/p><ul><li>Nombre<\/li><li>Su direcci\u00f3n de correo electr\u00f3nico<\/li><li>Su direcci\u00f3n<\/li><li>Ciudad o localidad<\/li><li>N\u00fameros de tel\u00e9fono facilitados voluntariamente<\/li><li>Informaci\u00f3n personal que obtenemos de otras fuentes<\/li><\/ul><p><br \/>Podemos obtener informaci\u00f3n sobre usted de otras fuentes permitidas por la ley, como por ejemplo: directorios telef\u00f3nicos o laborales, Secretar\u00eda de Trabajo y Seguridad Social. La informaci\u00f3n que obtenemos de estas fuentes puede incluir, entre otros, los siguientes datos<\/p><ul><li>Nombre<\/li><li>N\u00famero de tel\u00e9fono<\/li><li>Direcci\u00f3n de correo electr\u00f3nico<\/li><li>Direcci\u00f3n<\/li><li>Ciudad o localidad<\/li><\/ul><p><br \/>Es importante informar que cuando se recaben datos que no sean percibidos por los usuarios, utilizando herramientas como cookies, web beacons o similares, la empresa se deslinda de cualquier responsabilidad de cualquier \u00edndole.<\/p><p>TECSOIN podr\u00e1 solicitar y\/o recabar a trav\u00e9s del sitio y otros medios datos personales de los usuarios para su uso comercial, divulgaci\u00f3n y\/o almacenamiento por cualquier medio para los fines indicados en l\u00edneas subsecuentes.<\/p><p>TECSOIN y\/o cualquier tercero que intervenga en cualquier fase del Tratamiento de Datos Personales guardar\u00e1 confidencialidad respecto de los mismos cuando tengan tal car\u00e1cter, de conformidad con las disposiciones aplicables en los Estados Unidos Mexicanos.<\/p><p><strong>FINALIDAD DE LOS DATOS PERSONALES<\/strong><\/p><p>Los datos personales ser\u00e1n utilizados para las siguientes finalidades:<\/p><p>Informar sobre nuevos productos o servicios que tengan relaci\u00f3n con el contratado o adquirido por los clientes.<\/p><p>Informar sobre cambios en nuestros productos o servicios.<\/p><p>Evaluar la calidad del servicio y realizar estudios internos sobre h\u00e1bitos de consumo.<\/p><p><strong>CAMBIO, RECTIFICACI\u00d3N DE DATOS PERSONALES<\/strong><\/p><p>El cliente tiene derecho a acceder a sus datos personales que obren en nuestro poder y a los detalles de su tratamiento, as\u00ed como a rectificarlos en caso de que sean inexactos.<\/p><p>Los mecanismos que se han implementado para el ejercicio de estos derechos son a trav\u00e9s de la presentaci\u00f3n de la solicitud respectiva en:<\/p><p>Nuestro departamento de privacidad en el siguiente correo electr\u00f3nico: info@tecsoinco.com o envi\u00e1ndola a la direcci\u00f3n referida.<\/p><p>Nuestros establecimientos de servicio pueden ser localizados a trav\u00e9s de la p\u00e1gina electr\u00f3nica www.tecsoinco.com.<\/p><p><strong>CONSENTIMIENTO<\/strong><\/p><p>El ingreso y\/o registro a trav\u00e9s del sitio y\/o por otros medios implica el consentimiento pleno y sin reservas del usuario para el tratamiento de sus datos personales de conformidad con el presente aviso de privacidad.<\/p><p><strong>REVOCACI\u00d3N DEL CONSENTIMIENTO<\/strong><\/p><p>En cualquier momento, usted podr\u00e1 revocar el consentimiento que nos ha otorgado para el tratamiento de sus datos personales, a fin de que dejemos de hacer uso de los mismos. Para ello, es necesario que presente su solicitud por escrito a trav\u00e9s de correo electr\u00f3nico, en la que se indiquen los motivos o causas por las cuales desea revocar su consentimiento.<\/p><p>Su solicitud deber\u00e1 ir acompa\u00f1ada de la siguiente informaci\u00f3n:<\/p><ul><li>Nombre<\/li><li>Edad<\/li><li>Nacionalidad<\/li><li>Ocupaci\u00f3n<\/li><li>IFE o C\u00e9dula Profesional o Cartilla Militar<\/li><li>Direcci\u00f3n de correo electr\u00f3nico<\/li><\/ul><p><br \/>Informaci\u00f3n que deber\u00e1 ser enviada a la siguiente direcci\u00f3n de correo electr\u00f3nico info@tecsoinco.com o envi\u00e1ndola a la direcci\u00f3n antes mencionada.<\/p><p>Una vez recibida su solicitud, contaremos con un plazo de 15 d\u00edas h\u00e1biles para resolver si se acepta o se niega su solicitud.<\/p><p><strong>DATOS PERSONALES SENSIBLES<\/strong><\/p><p>De acuerdo con la legislaci\u00f3n vigente, se consideran \"datos personales sensibles\" \"aquellos que puedan revelar aspectos relacionados con el origen racial o \u00e9tnico, el estado de salud presente y futuro, la informaci\u00f3n gen\u00e9tica, las convicciones religiosas, filos\u00f3ficas y\/o morales, la afiliaci\u00f3n sindical, las opiniones pol\u00edticas y las preferencias sexuales\".<\/p><p>En caso de que la empresa www.tecsoinco.com deba proporcionar informaci\u00f3n sobre Datos Personales Sensibles de los usuarios, \u00e9stos deber\u00e1n prestar su consentimiento expreso.<\/p><p><strong>MEDIOS PARA LIMITAR EL USO O DIVULGACI\u00d3N DE INFORMACI\u00d3N PERSONAL <\/strong><\/p><p>www.tecsoinco.com cuenta con medidas de seguridad f\u00edsicas, t\u00e9cnicas y administrativas para la protecci\u00f3n de los datos personales proporcionados por los usuarios.<\/p><p>Si usted desea dejar de recibir mensajes promocionales v\u00eda correo electr\u00f3nico y\/o impresos y\/o telef\u00f3nicos de la empresa, puede solicitarlo a trav\u00e9s de:<\/p><p>correo electr\u00f3nico: info@tecsoinco.com<\/p><p><strong>MODIFICACIONES AL AVISO DE PRIVACIDAD <\/strong><\/p><p>www.tecsoinco.com , se reserva el derecho de modificar en cualquier momento el contenido del presente aviso de privacidad. Cualquier cambio al aviso de privacidad ser\u00e1 informado a los usuarios a trav\u00e9s del sitio.<\/p><p>Una vez que el aviso de privacidad sea publicado en el sitio, autom\u00e1ticamente entrar\u00e1 en vigor.<\/p><p>www.tecsoinco.com no transfiere sus datos personales por ning\u00fan medio de comunicaci\u00f3n electr\u00f3nica.<\/p>\t\t\t\t\t\t<\/div>\n\t\t\t\t<\/div>\n\t\t\t\t\t<\/div>\n\t\t<\/div>\n\t\t\t\t\t<\/div>\n\t\t<\/section>\n\t\t\t\t<\/div>","protected":false},"excerpt":{"rendered":"<p>Privacy Policy TECSOIN PRIVACY POLICY TECSOIN RESPONSIBLE FOR PERSONAL DATA www.tecsoinco.com, with different branches located in Monclova, Coahuila has the purpose of protecting the personal information provided by its users and is responsible for its processing, when collected through this website, printed media, by telephone and\/or e-mail. PROCESSING OF PERSONAL DATA We may collect your [&hellip;]<\/p>","protected":false},"author":2,"featured_media":0,"parent":0,"menu_order":15,"comment_status":"closed","ping_status":"closed","template":"","meta":{"footnotes":""},"class_list":["post-5379","page","type-page","status-publish","hentry"],"_links":{"self":[{"href":"https:\/\/tecsoinco.com\/es\/wp-json\/wp\/v2\/pages\/5379","targetHints":{"allow":["GET"]}}],"collection":[{"href":"https:\/\/tecsoinco.com\/es\/wp-json\/wp\/v2\/pages"}],"about":[{"href":"https:\/\/tecsoinco.com\/es\/wp-json\/wp\/v2\/types\/page"}],"author":[{"embeddable":true,"href":"https:\/\/tecsoinco.com\/es\/wp-json\/wp\/v2\/users\/2"}],"replies":[{"embeddable":true,"href":"https:\/\/tecsoinco.com\/es\/wp-json\/wp\/v2\/comments?post=5379"}],"version-history":[{"count":12,"href":"https:\/\/tecsoinco.com\/es\/wp-json\/wp\/v2\/pages\/5379\/revisions"}],"predecessor-version":[{"id":15137,"href":"https:\/\/tecsoinco.com\/es\/wp-json\/wp\/v2\/pages\/5379\/revisions\/15137"}],"wp:attachment":[{"href":"https:\/\/tecsoinco.com\/es\/wp-json\/wp\/v2\/media?parent=5379"}],"curies":[{"name":"wp","href":"https:\/\/api.w.org\/{rel}","templated":true}]}}