{"id":5372,"date":"2023-04-27T21:37:02","date_gmt":"2023-04-27T21:37:02","guid":{"rendered":"https:\/\/tecsoinco.com\/?page_id=5372"},"modified":"2024-11-20T15:08:44","modified_gmt":"2024-11-20T21:08:44","slug":"term-of-use","status":"publish","type":"page","link":"https:\/\/tecsoinco.com\/es\/term-of-use\/","title":{"rendered":"Terminos de uso"},"content":{"rendered":"<div data-elementor-type=\"wp-page\" data-elementor-id=\"5372\" class=\"elementor elementor-5372\" data-elementor-post-type=\"page\">\n\t\t\t\t\t\t<section data-particle_enable=\"false\" data-particle-mobile-disabled=\"false\" class=\"ob-is-breaking-bad elementor-section elementor-top-section elementor-element elementor-element-10e35e1 elementor-section-content-middle elementor-section-full_width elementor-section-height-default elementor-section-height-default\" data-id=\"10e35e1\" data-element_type=\"section\" data-settings=\"{&quot;background_background&quot;:&quot;gradient&quot;,&quot;_ob_bbad_use_it&quot;:&quot;yes&quot;,&quot;_ob_bbad_sssic_use&quot;:&quot;no&quot;,&quot;_ob_glider_is_slider&quot;:&quot;no&quot;,&quot;ekit_has_onepagescroll_dot&quot;:&quot;yes&quot;}\">\n\t\t\t\t\t\t\t<div class=\"elementor-background-overlay\"><\/div>\n\t\t\t\t\t\t\t<div class=\"elementor-container elementor-column-gap-narrow\">\n\t\t\t\t\t<div class=\"elementor-column elementor-col-50 elementor-top-column elementor-element elementor-element-f1d1b69\" data-id=\"f1d1b69\" data-element_type=\"column\" data-settings=\"{&quot;_ob_bbad_is_stalker&quot;:&quot;no&quot;,&quot;_ob_teleporter_use&quot;:false,&quot;_ob_column_hoveranimator&quot;:&quot;no&quot;,&quot;_ob_column_has_pseudo&quot;:&quot;no&quot;}\">\n\t\t\t<div class=\"elementor-widget-wrap elementor-element-populated\">\n\t\t\t\t\t\t<div class=\"elementor-element elementor-element-3d4da1b ob-harakiri-inherit elementor-invisible ob-has-background-overlay elementor-widget elementor-widget-heading\" data-id=\"3d4da1b\" data-element_type=\"widget\" data-settings=\"{&quot;_animation&quot;:&quot;fadeInLeft&quot;,&quot;_ob_use_harakiri&quot;:&quot;yes&quot;,&quot;_ob_harakiri_writing_mode&quot;:&quot;inherit&quot;,&quot;_ob_harakiri_text_clip&quot;:&quot;none&quot;,&quot;_ob_perspektive_use&quot;:&quot;no&quot;,&quot;ekit_we_effect_on&quot;:&quot;none&quot;,&quot;_ob_poopart_use&quot;:&quot;yes&quot;,&quot;_ob_shadough_use&quot;:&quot;no&quot;,&quot;_ob_allow_hoveranimator&quot;:&quot;no&quot;,&quot;_ob_widget_stalker_use&quot;:&quot;no&quot;}\" data-widget_type=\"heading.default\">\n\t\t\t\t<div class=\"elementor-widget-container\">\n\t\t\t<style>\/*! elementor - v3.23.0 - 25-07-2024 *\/\n.elementor-heading-title{padding:0;margin:0;line-height:1}.elementor-widget-heading .elementor-heading-title[class*=elementor-size-]>a{color:inherit;font-size:inherit;line-height:inherit}.elementor-widget-heading .elementor-heading-title.elementor-size-small{font-size:15px}.elementor-widget-heading .elementor-heading-title.elementor-size-medium{font-size:19px}.elementor-widget-heading .elementor-heading-title.elementor-size-large{font-size:29px}.elementor-widget-heading .elementor-heading-title.elementor-size-xl{font-size:39px}.elementor-widget-heading .elementor-heading-title.elementor-size-xxl{font-size:59px}<\/style><h1 class=\"elementor-heading-title elementor-size-default\">Terminos de uso<\/h1>\t\t<\/div>\n\t\t\t\t<\/div>\n\t\t\t\t\t<\/div>\n\t\t<\/div>\n\t\t\t\t<div class=\"elementor-column elementor-col-50 elementor-top-column elementor-element elementor-element-046c659\" data-id=\"046c659\" data-element_type=\"column\" data-settings=\"{&quot;background_background&quot;:&quot;classic&quot;,&quot;_ob_bbad_is_stalker&quot;:&quot;no&quot;,&quot;_ob_teleporter_use&quot;:false,&quot;_ob_column_hoveranimator&quot;:&quot;no&quot;,&quot;_ob_column_has_pseudo&quot;:&quot;no&quot;}\">\n\t\t\t<div class=\"elementor-widget-wrap elementor-element-populated\">\n\t\t\t\t\t\t<div class=\"elementor-element elementor-element-9125d75 elementor-invisible ob-has-background-overlay elementor-widget elementor-widget-image\" data-id=\"9125d75\" data-element_type=\"widget\" data-settings=\"{&quot;_animation&quot;:&quot;bounceIn&quot;,&quot;_ob_photomorph_use&quot;:&quot;no&quot;,&quot;_ob_perspektive_use&quot;:&quot;no&quot;,&quot;ekit_we_effect_on&quot;:&quot;none&quot;,&quot;_ob_poopart_use&quot;:&quot;yes&quot;,&quot;_ob_shadough_use&quot;:&quot;no&quot;,&quot;_ob_allow_hoveranimator&quot;:&quot;no&quot;,&quot;_ob_widget_stalker_use&quot;:&quot;no&quot;}\" data-widget_type=\"image.default\">\n\t\t\t\t<div class=\"elementor-widget-container\">\n\t\t\t<style>\/*! elementor - v3.23.0 - 25-07-2024 *\/\n.elementor-widget-image{text-align:center}.elementor-widget-image a{display:inline-block}.elementor-widget-image a img[src$=\".svg\"]{width:48px}.elementor-widget-image img{vertical-align:middle;display:inline-block}<\/style>\t\t\t\t\t\t\t\t\t\t<img fetchpriority=\"high\" decoding=\"async\" width=\"500\" height=\"500\" src=\"https:\/\/tecsoinco.com\/wp-content\/uploads\/2023\/04\/Diseno-sin-titulo-52-1.png\" class=\"attachment-full size-full wp-image-5375\" alt=\"\" srcset=\"https:\/\/tecsoinco.com\/wp-content\/uploads\/2023\/04\/Diseno-sin-titulo-52-1.png 500w, https:\/\/tecsoinco.com\/wp-content\/uploads\/2023\/04\/Diseno-sin-titulo-52-1-100x100.png 100w, https:\/\/tecsoinco.com\/wp-content\/uploads\/2023\/04\/Diseno-sin-titulo-52-1-300x300.png 300w, https:\/\/tecsoinco.com\/wp-content\/uploads\/2023\/04\/Diseno-sin-titulo-52-1-150x150.png 150w, https:\/\/tecsoinco.com\/wp-content\/uploads\/2023\/04\/Diseno-sin-titulo-52-1-12x12.png 12w\" sizes=\"(max-width: 500px) 100vw, 500px\" \/>\t\t\t\t\t\t\t\t\t\t\t\t\t<\/div>\n\t\t\t\t<\/div>\n\t\t\t\t\t<\/div>\n\t\t<\/div>\n\t\t\t\t\t<\/div>\n\t\t<\/section>\n\t\t\t\t<section data-particle_enable=\"false\" data-particle-mobile-disabled=\"false\" class=\"ob-is-breaking-bad elementor-section elementor-top-section elementor-element elementor-element-3dc9a53 elementor-section-boxed elementor-section-height-default elementor-section-height-default\" data-id=\"3dc9a53\" data-element_type=\"section\" data-settings=\"{&quot;_ob_bbad_use_it&quot;:&quot;yes&quot;,&quot;_ob_bbad_sssic_use&quot;:&quot;no&quot;,&quot;_ob_glider_is_slider&quot;:&quot;no&quot;,&quot;ekit_has_onepagescroll_dot&quot;:&quot;yes&quot;}\">\n\t\t\t\t\t\t<div class=\"elementor-container elementor-column-gap-default\">\n\t\t\t\t\t<div class=\"elementor-column elementor-col-100 elementor-top-column elementor-element elementor-element-a1831ba\" data-id=\"a1831ba\" data-element_type=\"column\" data-settings=\"{&quot;_ob_bbad_is_stalker&quot;:&quot;no&quot;,&quot;_ob_teleporter_use&quot;:false,&quot;_ob_column_hoveranimator&quot;:&quot;no&quot;,&quot;_ob_column_has_pseudo&quot;:&quot;no&quot;}\">\n\t\t\t<div class=\"elementor-widget-wrap elementor-element-populated\">\n\t\t\t\t\t\t<div class=\"elementor-element elementor-element-0c23fa6 ob-harakiri-inherit ob-has-background-overlay elementor-widget elementor-widget-text-editor\" data-id=\"0c23fa6\" data-element_type=\"widget\" data-settings=\"{&quot;_ob_use_harakiri&quot;:&quot;yes&quot;,&quot;_ob_harakiri_writing_mode&quot;:&quot;inherit&quot;,&quot;_ob_postman_use&quot;:&quot;no&quot;,&quot;_ob_perspektive_use&quot;:&quot;no&quot;,&quot;ekit_we_effect_on&quot;:&quot;none&quot;,&quot;_ob_poopart_use&quot;:&quot;yes&quot;,&quot;_ob_shadough_use&quot;:&quot;no&quot;,&quot;_ob_allow_hoveranimator&quot;:&quot;no&quot;,&quot;_ob_widget_stalker_use&quot;:&quot;no&quot;}\" data-widget_type=\"text-editor.default\">\n\t\t\t\t<div class=\"elementor-widget-container\">\n\t\t\t<style>\/*! elementor - v3.23.0 - 25-07-2024 *\/\n.elementor-widget-text-editor.elementor-drop-cap-view-stacked .elementor-drop-cap{background-color:#69727d;color:#fff}.elementor-widget-text-editor.elementor-drop-cap-view-framed .elementor-drop-cap{color:#69727d;border:3px solid;background-color:transparent}.elementor-widget-text-editor:not(.elementor-drop-cap-view-default) .elementor-drop-cap{margin-top:8px}.elementor-widget-text-editor:not(.elementor-drop-cap-view-default) .elementor-drop-cap-letter{width:1em;height:1em}.elementor-widget-text-editor .elementor-drop-cap{float:left;text-align:center;line-height:1;font-size:50px}.elementor-widget-text-editor .elementor-drop-cap-letter{display:inline-block}<\/style>\t\t\t\t<p><strong>TECSOIN<\/strong><\/p><p><strong>Condiciones de uso de TECSOIN<\/strong><\/p><p>Bienvenido al sitio de Internet de TECSOIN el sitio tecsoinco.com.<\/p><p>Le agradecemos su visita y le informamos que al acceder y navegar en nuestro Sitio se considera que conoce y acepta los t\u00e9rminos y condiciones que a continuaci\u00f3n se describen.<\/p><p>TECSOIN, con domicilio en Aldama 352, El Pueblo, 25730 Monclova, Coah<strong>.<\/strong>, con el fin de ofrecerle un entorno seguro, ha establecido reglas y t\u00e9rminos que delimitan las \u00e1reas de responsabilidad y derechos tanto de TECSOIN como de sus visitantes.<\/p><p>Usted como Usuario, al momento de visitar o utilizar el Sitio, cuyo nombre y dominio es propiedad de TECSOIN, acepta los presentes t\u00e9rminos y condiciones y manifiesta expresamente su aceptaci\u00f3n, expresando su voluntad, en t\u00e9rminos de la legislaci\u00f3n aplicable vigente. La sola utilizaci\u00f3n del Sitio le atribuye la condici\u00f3n de Usuario e implica la aceptaci\u00f3n plena y sin reservas de todas y cada una de las condiciones previstas en estos t\u00e9rminos de uso en el momento mismo en que el Usuario acceda al Sitio.<\/p><p>Si el Usuario no acepta las presentes condiciones, deber\u00e1 abstenerse de visitar y utilizar el Sitio.<\/p><p>Cualquier modificaci\u00f3n a estos t\u00e9rminos y condiciones se realizar\u00e1 cuando TECSOIN lo estime conveniente, siendo exclusiva responsabilidad del Usuario revisar las respectivas modificaciones. TECSOIN podr\u00e1 realizar cambios o actualizaciones a estos t\u00e9rminos y condiciones en cualquier momento. El Usuario acepta y est\u00e1 de acuerdo en que la forma de notificar cualquier cambio a estos t\u00e9rminos y condiciones ser\u00e1 a trav\u00e9s del Sitio.<\/p><p><strong>I. Aviso de privacidad.<\/strong><\/p><p>TECSOIN observa los principios de licitud, consentimiento, calidad, finalidad, lealtad, proporcionalidad y responsabilidad, en el tratamiento y resguardo de los datos personales proporcionados por el Usuario a trav\u00e9s del Sitio, los cuales son utilizados para registrarlos en nuestra base de datos para informar sobre nuevos productos o servicios, contrataci\u00f3n de personal, contrataci\u00f3n de proveedores, evaluaci\u00f3n de la calidad del servicio que ofrecemos y realizaci\u00f3n de estudios sobre h\u00e1bitos de consumo.<\/p><p>Para mayor informaci\u00f3n sobre el tratamiento de sus datos personales, ponemos a su disposici\u00f3n el Aviso de Privacidad en nuestra p\u00e1gina web: tecsoinco.com\/term-of-use\/<\/p><p><strong>II. Licencia.<\/strong><\/p><p>Usuario: Toda persona que ingrese a www.tecsoinco.com, se registre y\/o utilice cualquiera de los servicios ofrecidos a trav\u00e9s del Sitio.<\/p><p>TECSOIN otorga y concede al Usuario el derecho no exclusivo, revocable e intransferible de ver y usar el Sitio, de acuerdo con los t\u00e9rminos y condiciones aqu\u00ed establecidos.<\/p><p>TECSOIN se reserva el derecho a denegar el acceso a su sitio web ubicado en la direcci\u00f3n www. TECSOIN, cuando la conducta del Usuario sea contraria a lo establecido en los presentes t\u00e9rminos y condiciones.<\/p><p>Se proh\u00edbe al Usuario la publicaci\u00f3n, reimpresi\u00f3n, distribuci\u00f3n, cesi\u00f3n, sublicencia, venta, comercializaci\u00f3n, reproducci\u00f3n electr\u00f3nica o por cualquier otro medio de cualquier informaci\u00f3n, documento, fotograf\u00eda, imagen o gr\u00e1fico que aparezca en el Sitio, total o parcialmente, para cualquier uso distinto al personal no comercial, salvo autorizaci\u00f3n previa y por escrito de TECSOIN.<\/p><p><strong>III. Copyright y Propiedad Intelectual.<\/strong><\/p><p>Las marcas registradas TECSOIN\u00ae, su dise\u00f1o, logotipos y todos los materiales contenidos en el sitio web ubicado en la direcci\u00f3n www.tecsoinco.com son marcas, nombres de dominio, nombres comerciales, propiedad de sus respectivos titulares y est\u00e1n protegidos por los tratados internacionales y las leyes aplicables en materia de propiedad intelectual y derechos de autor.<\/p><p>Los derechos de autor sobre el contenido, organizaci\u00f3n, compilaci\u00f3n, recopilaci\u00f3n, informaci\u00f3n, logotipos, fotograf\u00edas, im\u00e1genes, programas, aplicaciones y en general cualquier informaci\u00f3n contenida o publicada en el Sitio, se encuentran debidamente protegidos a favor de TECSOIN, sus filiales, sociedades controlantes y proveedores, de conformidad con la legislaci\u00f3n aplicable en materia de propiedad intelectual e industrial.<\/p><p>Queda expresamente prohibido al Usuario modificar, alterar o suprimir, total o parcialmente, los avisos, marcas, nombres comerciales, dise\u00f1os, r\u00f3tulos, anuncios, logotipos o en general cualquier indicaci\u00f3n que haga referencia a la titularidad de la informaci\u00f3n contenida en el Sitio.<\/p><p><strong>IV. Cesi\u00f3n de derechos.<\/strong><\/p><p>TECSOIN, en cualquier momento y cuando lo estime conveniente, podr\u00e1 ceder todo o parte de sus derechos y obligaciones bajo los presentes t\u00e9rminos y condiciones. En virtud de dicha cesi\u00f3n, TECSOIN quedar\u00e1 liberada de cualquier obligaci\u00f3n a favor del Usuario establecida en los presentes t\u00e9rminos y condiciones.<\/p><p><strong>V. Menores de edad.<\/strong><\/p><p>Los menores de edad, para hacer uso del Sitio, deber\u00e1n obtener previamente permiso de sus padres, tutores o representantes legales, quienes ser\u00e1n considerados responsables de todos los actos realizados por los menores a su cargo.<\/p><p><strong>VI. Modificaciones del Sitio.<\/strong><\/p><p>TECSOIN podr\u00e1 en cualquier momento y cuando lo considere conveniente, sin necesidad de avisar al Usuario, realizar correcciones, adiciones, mejoras o modificaciones al contenido, presentaci\u00f3n, informaci\u00f3n, bases de datos y dem\u00e1s elementos del Sitio, sin que ello de lugar ni derecho a ninguna reclamaci\u00f3n o indemnizaci\u00f3n.<\/p><p>TECSOIN se reserva el derecho de modificar estos t\u00e9rminos y condiciones en cualquier momento, siendo efectivas dichas modificaciones al momento de su publicaci\u00f3n en el Sitio, tambi\u00e9n se reserva el derecho, a su sola discreci\u00f3n, y sin previo aviso o notificaci\u00f3n al Usuario de discontinuar o terminar el Sitio, sin responsabilidad alguna para TECSOIN. El Usuario se compromete a revisar estos t\u00e9rminos y condiciones para estar al tanto de dichas modificaciones en todo momento.<\/p><p>Cada vez que el Usuario acceda al Sitio, se considerar\u00e1 la aceptaci\u00f3n absoluta de las modificaciones a estos t\u00e9rminos y condiciones..<\/p><p><strong>VII. Confidencialidad.<\/strong><\/p><p>TECSOIN se obliga a mantener confidencial la informaci\u00f3n que reciba del Usuario que tenga tal car\u00e1cter conforme a las leyes aplicables en los Estados Unidos Mexicanos. TECSOIN no asume obligaci\u00f3n alguna de mantener confidencial cualquier otra informaci\u00f3n que el Usuario proporcione, incluyendo la informaci\u00f3n que el Usuario proporcione a trav\u00e9s de boletines, conversaciones en l\u00ednea (chats) o a trav\u00e9s de Cookies, seg\u00fan se describe en el punto n\u00famero X.<\/p><p><strong>VIII. Indemnizaci\u00f3n.<\/strong><\/p><p>El Usuario se compromete a indemnizar a TECSOIN por cualquier acci\u00f3n, demanda o reclamaci\u00f3n, incluyendo honorarios de abogados y costas judiciales, derivadas de cualquier incumplimiento por parte del Usuario de estos t\u00e9rminos y condiciones, incluyendo, sin limitaci\u00f3n, los siguientes:<\/p><ul><li>De cualquier aspecto relacionado con el uso del sitio web ubicado en la direcci\u00f3n www.tecsoinco.com<\/li><li>Por injurias, calumnias o cualquier conducta contraria a los presentes t\u00e9rminos y condiciones por parte del Usuario.<\/li><li>Por violaci\u00f3n de las leyes o tratados internacionales aplicables.<\/li><\/ul><p><strong><br \/>IX. Restricciones de responsabilidad.<\/strong><\/p><p>El uso del sitio web ubicado en www.tecsoinco.com es bajo su propia responsabilidad.<\/p><p>TECSOIN renuncia a todas las garant\u00edas y condiciones, tanto expresas como impl\u00edcitas, con respecto a los servicios y la informaci\u00f3n contenida o disponible en o a trav\u00e9s del sitio web, incluyendo sin limitaci\u00f3n:<\/p><p>- La disponibilidad de uso del sitio web ubicado en la direcci\u00f3n www.tecsoinco.com<\/p><p>- La ausencia de virus, errores, bugs, caracter\u00edsticas inhabilitantes o cualquier otro material contaminante o funciones destructivas en la informaci\u00f3n o programas disponibles en o a trav\u00e9s de este sitio o, en general, cualquier fallo de dicho sitio.<\/p><p>Sin embargo, TECSOIN puede actualizar el contenido de su p\u00e1gina constantemente, por lo que se solicita al Usuario tomar en cuenta que alguna informaci\u00f3n publicitada o contenida en o a trav\u00e9s del Sitio puede estar desactualizada y\/o contener imprecisiones o errores tipogr\u00e1ficos u ortogr\u00e1ficos.<\/p><p>Cualquier descarga o mecanismo para obtener material o datos de este sitio web se realiza bajo su propio riesgo, usted ser\u00e1 absolutamente responsable de cualquier da\u00f1o a su sistema inform\u00e1tico o dispositivo de comunicaciones electr\u00f3nicas o p\u00e9rdida de datos que resulte de la descarga de cualquiera de estos materiales.<\/p><p>Sujeto a la ley aplicable, TECSOIN no ser\u00e1 responsable, en ning\u00fan caso, de ning\u00fan da\u00f1o directo, especial, incidental, indirecto, consecuente o punitivo que de alguna manera surja o est\u00e9 relacionado con:<\/p><p>- El uso o funcionamiento del sitio web ubicado en la direcci\u00f3n www.tecsoinco.com, retraso o indisponibilidad.<\/p><p>- La prestaci\u00f3n o falta de prestaci\u00f3n de servicios de cualquier informaci\u00f3n o gr\u00e1ficos contenidos o publicados en o a trav\u00e9s del sitio web.<\/p><p>- La actualizaci\u00f3n o falta de actualizaci\u00f3n del sitio web ubicado en la direcci\u00f3n www.tecsoinco.com.<\/p><p>- La alteraci\u00f3n o modificaci\u00f3n, total o parcial, de la informaci\u00f3n despu\u00e9s de haber sido incluida en el Sitio.<\/p><p>- Cualquier otro aspecto o caracter\u00edstica de la informaci\u00f3n contenida o publicada en el Sitio o a trav\u00e9s de los enlaces que se puedan incluir en dicha p\u00e1gina web.<\/p><p><strong>X. Cookies.<\/strong><\/p><p>\"Cookie\": Significa un fichero de datos que se almacena en el disco duro del ordenador o dispositivo de comunicaciones electr\u00f3nicas del Usuario cuando \u00e9ste navega por un determinado sitio de Internet, y que permite intercambiar informaci\u00f3n de estado entre el sitio y el navegador del Usuario. La informaci\u00f3n de estado puede revelar medios de identificaci\u00f3n de sesi\u00f3n, autenticaci\u00f3n o preferencias del Usuario, as\u00ed como cualquier dato almacenado por el navegador con respecto al sitio web. Una Cookie no puede leer datos o informaci\u00f3n del disco duro del Usuario ni leer Cookies creadas por otros sitios o p\u00e1ginas.<\/p><p>El Usuario, por el mero hecho de visitar o utilizar el Sitio, acepta recibir los archivos que le transmitan los servidores de TECSOIN.<\/p><p><strong>XI. T\u00e9rminos Adicionales.<\/strong><\/p><p>TECSOIN en cualquier momento y cuando lo estime conveniente, podr\u00e1 agregar a estos t\u00e9rminos y condiciones, normas y t\u00e9rminos adicionales relativos a \u00e1reas espec\u00edficas o nuevos productos o servicios, los cuales ser\u00e1n publicados en este Sitio, para su lectura y aceptaci\u00f3n. El Usuario reconoce y acepta que dichos t\u00e9rminos adicionales forman parte integrante de los presentes t\u00e9rminos y condiciones a todos los efectos legales.<\/p><p><strong>XII. Ley aplicable y jurisdicci\u00f3n.<\/strong><\/p><p>Los presentes t\u00e9rminos y condiciones est\u00e1n sujetos y se interpretar\u00e1n de conformidad con la legislaci\u00f3n aplicable vigente en la Rep\u00fablica Mexicana y cualquier controversia derivada de los mismos ser\u00e1 resuelta ante los tribunales competentes de la ciudad de Monclova, Coahuila.<\/p>\t\t\t\t\t\t<\/div>\n\t\t\t\t<\/div>\n\t\t\t\t\t<\/div>\n\t\t<\/div>\n\t\t\t\t\t<\/div>\n\t\t<\/section>\n\t\t\t\t<\/div>","protected":false},"excerpt":{"rendered":"<p>TECSOIN Terms and conditions of use of TECSOIN Welcome to the Internet site of TECSOIN the site tecsoinco.com. Thank you for visiting and please be advised that by accessing and browsing our Site you are deemed to be aware of and agree to the terms and conditions described below. TECSOIN, with branches in Aldama 352, [&hellip;]<\/p>","protected":false},"author":2,"featured_media":0,"parent":0,"menu_order":14,"comment_status":"closed","ping_status":"closed","template":"","meta":{"footnotes":""},"class_list":["post-5372","page","type-page","status-publish","hentry"],"_links":{"self":[{"href":"https:\/\/tecsoinco.com\/es\/wp-json\/wp\/v2\/pages\/5372","targetHints":{"allow":["GET"]}}],"collection":[{"href":"https:\/\/tecsoinco.com\/es\/wp-json\/wp\/v2\/pages"}],"about":[{"href":"https:\/\/tecsoinco.com\/es\/wp-json\/wp\/v2\/types\/page"}],"author":[{"embeddable":true,"href":"https:\/\/tecsoinco.com\/es\/wp-json\/wp\/v2\/users\/2"}],"replies":[{"embeddable":true,"href":"https:\/\/tecsoinco.com\/es\/wp-json\/wp\/v2\/comments?post=5372"}],"version-history":[{"count":9,"href":"https:\/\/tecsoinco.com\/es\/wp-json\/wp\/v2\/pages\/5372\/revisions"}],"predecessor-version":[{"id":15343,"href":"https:\/\/tecsoinco.com\/es\/wp-json\/wp\/v2\/pages\/5372\/revisions\/15343"}],"wp:attachment":[{"href":"https:\/\/tecsoinco.com\/es\/wp-json\/wp\/v2\/media?parent=5372"}],"curies":[{"name":"wp","href":"https:\/\/api.w.org\/{rel}","templated":true}]}}