{"id":17147,"date":"2024-12-03T09:49:30","date_gmt":"2024-12-03T15:49:30","guid":{"rendered":"https:\/\/tecsoinco.com\/?page_id=17147"},"modified":"2024-12-03T10:37:26","modified_gmt":"2024-12-03T16:37:26","slug":"e-commerce-form","status":"publish","type":"page","link":"https:\/\/tecsoinco.com\/es\/e-commerce-form\/","title":{"rendered":"E-commerce form"},"content":{"rendered":"<div data-elementor-type=\"wp-page\" data-elementor-id=\"17147\" class=\"elementor elementor-17147\" data-elementor-post-type=\"page\">\n\t\t\t\t\t\t<section data-particle_enable=\"false\" data-particle-mobile-disabled=\"false\" class=\"ob-is-breaking-bad elementor-section elementor-top-section elementor-element elementor-element-8f97e24 elementor-section-content-middle elementor-section-full_width elementor-section-height-default elementor-section-height-default\" data-id=\"8f97e24\" data-element_type=\"section\" data-e-type=\"section\" data-settings=\"{&quot;background_background&quot;:&quot;gradient&quot;,&quot;_ob_bbad_use_it&quot;:&quot;yes&quot;,&quot;_ob_bbad_sssic_use&quot;:&quot;no&quot;,&quot;_ob_glider_is_slider&quot;:&quot;no&quot;,&quot;ekit_has_onepagescroll_dot&quot;:&quot;yes&quot;}\">\n\t\t\t\t\t\t\t<div class=\"elementor-background-overlay\"><\/div>\n\t\t\t\t\t\t\t<div class=\"elementor-container elementor-column-gap-narrow\">\n\t\t\t\t\t<div class=\"elementor-column elementor-col-50 elementor-top-column elementor-element elementor-element-5d20cad\" data-id=\"5d20cad\" data-element_type=\"column\" data-e-type=\"column\" data-settings=\"{&quot;_ob_bbad_is_stalker&quot;:&quot;no&quot;,&quot;_ob_teleporter_use&quot;:false,&quot;_ob_column_hoveranimator&quot;:&quot;no&quot;,&quot;_ob_column_has_pseudo&quot;:&quot;no&quot;}\">\n\t\t\t<div class=\"elementor-widget-wrap elementor-element-populated\">\n\t\t\t\t\t\t<div class=\"elementor-element elementor-element-5f2ff71 elementor-widget__width-initial ob-harakiri-inherit ob-has-background-overlay elementor-widget elementor-widget-heading\" data-id=\"5f2ff71\" data-element_type=\"widget\" data-e-type=\"widget\" data-settings=\"{&quot;_ob_use_harakiri&quot;:&quot;yes&quot;,&quot;_ob_harakiri_writing_mode&quot;:&quot;inherit&quot;,&quot;_ob_harakiri_text_clip&quot;:&quot;none&quot;,&quot;_ob_perspektive_use&quot;:&quot;no&quot;,&quot;ekit_we_effect_on&quot;:&quot;none&quot;,&quot;_ob_poopart_use&quot;:&quot;yes&quot;,&quot;_ob_shadough_use&quot;:&quot;no&quot;,&quot;_ob_allow_hoveranimator&quot;:&quot;no&quot;,&quot;_ob_widget_stalker_use&quot;:&quot;no&quot;}\" data-widget_type=\"heading.default\">\n\t\t\t\t<div class=\"elementor-widget-container\">\n\t\t\t\t\t<h2 class=\"elementor-heading-title elementor-size-default\">Formulario de producto E-Commerce<\/h2>\t\t\t\t<\/div>\n\t\t\t\t<\/div>\n\t\t\t\t\t<\/div>\n\t\t<\/div>\n\t\t\t\t<div class=\"elementor-column elementor-col-50 elementor-top-column elementor-element elementor-element-8469030 elementor-hidden-mobile\" data-id=\"8469030\" data-element_type=\"column\" data-e-type=\"column\" data-settings=\"{&quot;background_background&quot;:&quot;classic&quot;,&quot;_ob_bbad_is_stalker&quot;:&quot;no&quot;,&quot;_ob_teleporter_use&quot;:false,&quot;_ob_column_hoveranimator&quot;:&quot;no&quot;,&quot;_ob_column_has_pseudo&quot;:&quot;no&quot;}\">\n\t\t\t<div class=\"elementor-widget-wrap elementor-element-populated\">\n\t\t\t\t\t\t<div class=\"elementor-element elementor-element-181c158 animated-image ob-has-background-overlay elementor-widget elementor-widget-image\" data-id=\"181c158\" data-element_type=\"widget\" data-e-type=\"widget\" data-settings=\"{&quot;_ob_photomorph_use&quot;:&quot;no&quot;,&quot;_ob_perspektive_use&quot;:&quot;no&quot;,&quot;ekit_we_effect_on&quot;:&quot;none&quot;,&quot;_ob_poopart_use&quot;:&quot;yes&quot;,&quot;_ob_shadough_use&quot;:&quot;no&quot;,&quot;_ob_allow_hoveranimator&quot;:&quot;no&quot;,&quot;_ob_widget_stalker_use&quot;:&quot;no&quot;}\" data-widget_type=\"image.default\">\n\t\t\t\t<div class=\"elementor-widget-container\">\n\t\t\t\t\t\t\t\t\t\t\t\t\t\t\t<img fetchpriority=\"high\" decoding=\"async\" width=\"500\" height=\"500\" src=\"https:\/\/tecsoinco.com\/wp-content\/uploads\/2024\/11\/211.webp\" class=\"attachment-large size-large wp-image-14094\" alt=\"\" srcset=\"https:\/\/tecsoinco.com\/wp-content\/uploads\/2024\/11\/211.webp 500w, https:\/\/tecsoinco.com\/wp-content\/uploads\/2024\/11\/211-300x300.webp 300w, https:\/\/tecsoinco.com\/wp-content\/uploads\/2024\/11\/211-150x150.webp 150w, https:\/\/tecsoinco.com\/wp-content\/uploads\/2024\/11\/211-12x12.webp 12w, https:\/\/tecsoinco.com\/wp-content\/uploads\/2024\/11\/211-100x100.webp 100w\" sizes=\"(max-width: 500px) 100vw, 500px\" \/>\t\t\t\t\t\t\t\t\t\t\t\t\t\t\t<\/div>\n\t\t\t\t<\/div>\n\t\t\t\t\t<\/div>\n\t\t<\/div>\n\t\t\t\t\t<\/div>\n\t\t<\/section>\n\t\t\t\t<section data-particle_enable=\"false\" data-particle-mobile-disabled=\"false\" class=\"ob-is-breaking-bad elementor-section elementor-top-section elementor-element elementor-element-dd0c5c3 elementor-section-boxed elementor-section-height-default elementor-section-height-default\" data-id=\"dd0c5c3\" data-element_type=\"section\" data-e-type=\"section\" data-settings=\"{&quot;_ob_bbad_use_it&quot;:&quot;yes&quot;,&quot;_ob_bbad_sssic_use&quot;:&quot;no&quot;,&quot;_ob_glider_is_slider&quot;:&quot;no&quot;,&quot;ekit_has_onepagescroll_dot&quot;:&quot;yes&quot;}\">\n\t\t\t\t\t\t<div class=\"elementor-container elementor-column-gap-default\">\n\t\t\t\t\t<div class=\"elementor-column elementor-col-100 elementor-top-column elementor-element elementor-element-ecdc11d\" data-id=\"ecdc11d\" data-element_type=\"column\" data-e-type=\"column\" data-settings=\"{&quot;_ob_bbad_is_stalker&quot;:&quot;no&quot;,&quot;_ob_teleporter_use&quot;:false,&quot;_ob_column_hoveranimator&quot;:&quot;no&quot;,&quot;_ob_column_has_pseudo&quot;:&quot;no&quot;}\">\n\t\t\t<div class=\"elementor-widget-wrap elementor-element-populated\">\n\t\t\t\t\t\t<div class=\"elementor-element elementor-element-d6ba579 ob-has-background-overlay elementor-widget elementor-widget-shortcode\" data-id=\"d6ba579\" data-element_type=\"widget\" data-e-type=\"widget\" data-settings=\"{&quot;_ob_perspektive_use&quot;:&quot;no&quot;,&quot;ekit_we_effect_on&quot;:&quot;none&quot;,&quot;_ob_poopart_use&quot;:&quot;yes&quot;,&quot;_ob_shadough_use&quot;:&quot;no&quot;,&quot;_ob_allow_hoveranimator&quot;:&quot;no&quot;,&quot;_ob_widget_stalker_use&quot;:&quot;no&quot;}\" data-widget_type=\"shortcode.default\">\n\t\t\t\t<div class=\"elementor-widget-container\">\n\t\t\t\t\t\t\t<div class=\"elementor-shortcode\"><div class=\"frm_no_entries\">No se encontraron entradas<\/div>\n<\/div>\n\t\t\t\t\t\t<\/div>\n\t\t\t\t<\/div>\n\t\t\t\t\t<\/div>\n\t\t<\/div>\n\t\t\t\t\t<\/div>\n\t\t<\/section>\n\t\t\t\t<section data-particle_enable=\"false\" data-particle-mobile-disabled=\"false\" class=\"ob-is-breaking-bad elementor-section elementor-top-section elementor-element elementor-element-fa70865 elementor-section-boxed elementor-section-height-default elementor-section-height-default\" data-id=\"fa70865\" data-element_type=\"section\" data-e-type=\"section\" data-settings=\"{&quot;_ob_bbad_use_it&quot;:&quot;yes&quot;,&quot;_ob_bbad_sssic_use&quot;:&quot;no&quot;,&quot;_ob_glider_is_slider&quot;:&quot;no&quot;,&quot;ekit_has_onepagescroll_dot&quot;:&quot;yes&quot;}\">\n\t\t\t\t\t\t<div class=\"elementor-container elementor-column-gap-default\">\n\t\t\t\t\t<div class=\"elementor-column elementor-col-100 elementor-top-column elementor-element elementor-element-dc8bb32\" data-id=\"dc8bb32\" data-element_type=\"column\" data-e-type=\"column\" data-settings=\"{&quot;_ob_bbad_is_stalker&quot;:&quot;no&quot;,&quot;_ob_teleporter_use&quot;:false,&quot;_ob_column_hoveranimator&quot;:&quot;no&quot;,&quot;_ob_column_has_pseudo&quot;:&quot;no&quot;}\">\n\t\t\t<div class=\"elementor-widget-wrap elementor-element-populated\">\n\t\t\t\t\t\t<div class=\"elementor-element elementor-element-e66774b ob-has-background-overlay elementor-widget elementor-widget-shortcode\" data-id=\"e66774b\" data-element_type=\"widget\" data-e-type=\"widget\" data-settings=\"{&quot;_ob_perspektive_use&quot;:&quot;no&quot;,&quot;ekit_we_effect_on&quot;:&quot;none&quot;,&quot;_ob_poopart_use&quot;:&quot;yes&quot;,&quot;_ob_shadough_use&quot;:&quot;no&quot;,&quot;_ob_allow_hoveranimator&quot;:&quot;no&quot;,&quot;_ob_widget_stalker_use&quot;:&quot;no&quot;}\" data-widget_type=\"shortcode.default\">\n\t\t\t\t<div class=\"elementor-widget-container\">\n\t\t\t\t\t\t\t<div class=\"elementor-shortcode\"><div class=\"frm_forms  with_frm_style frm_style_formidable-style\" id=\"frm_form_30_container\" data-token=\"a2e2c17f27e47060b16905e1b7903d0c\">\n<form enctype=\"multipart\/form-data\" method=\"post\" class=\"frm-show-form  frm_pro_form\" id=\"form_ecommerceform2\" data-token=\"a2e2c17f27e47060b16905e1b7903d0c\" action=\"\">\n<div class=\"frm_form_fields\">\n<fieldset>\n<legend class=\"frm_screen_reader\">E-commerce Form<\/legend>\r\n\r\n<div class=\"frm_fields_container\">\n<input type=\"hidden\" name=\"frm_action\" value=\"create\" \/>\n<input type=\"hidden\" name=\"form_id\" value=\"30\" \/>\n<input type=\"hidden\" name=\"frm_hide_fields_30\" id=\"frm_hide_fields_30\" value=\"\" \/>\n<input type=\"hidden\" name=\"form_key\" value=\"ecommerceform2\" \/>\n<input type=\"hidden\" name=\"item_meta[0]\" value=\"\" \/>\n<input type=\"hidden\" id=\"frm_submit_entry_30\" name=\"frm_submit_entry_30\" value=\"3aa06e6688\" \/><input type=\"hidden\" name=\"_wp_http_referer\" value=\"\/es\/wp-json\/wp\/v2\/pages\/17147\" \/><div id=\"frm_field_460_container\" class=\"frm_form_field frm_section_heading form-field\">\r\n<h3 class=\"frm_pos_top\">Producto E-commerce<\/h3>\r\n<div id=\"frm_desc_field_95voy2\" class=\"frm_description frm_section_spacing\">Puedes a\u00f1adir productos y servicios a tu e-commerce<\/div>\r\n\r\n<div id=\"frm_field_461_container\" class=\"frm_form_field form-field  frm_top_container frm6 frm_first\">\r\n    <label for=\"field_j7vkr2\" id=\"field_j7vkr2_label\" class=\"frm_primary_label\">Nombre del producto\r\n        <span class=\"frm_required\" aria-hidden=\"true\"><\/span>\r\n    <\/label>\r\n    <input type=\"text\" id=\"field_j7vkr2\" name=\"item_meta[461]\" value=\"\"  data-sectionid=\"460\" data-invmsg=\"Text is invalid\" aria-invalid=\"false\"  \/>\r\n    \r\n    \r\n<\/div>\n<div id=\"frm_field_462_container\" class=\"frm_form_field form-field  frm_top_container frm6\">\r\n    <label for=\"field_hhqg82\" id=\"field_hhqg82_label\" class=\"frm_primary_label\">Categor\u00eda del producto\r\n        <span class=\"frm_required\" aria-hidden=\"true\"><\/span>\r\n    <\/label>\r\n    <input type=\"text\" id=\"field_hhqg82\" name=\"item_meta[462]\" value=\"\"  data-sectionid=\"460\" data-invmsg=\"Text is invalid\" aria-invalid=\"false\"  \/>\r\n    \r\n    \r\n<\/div>\n<div id=\"frm_field_463_container\" class=\"frm_form_field form-field  frm_top_container frm6 frm_first\">\r\n    <label for=\"field_eve9d2\" id=\"field_eve9d2_label\" class=\"frm_primary_label\">Precio del producto\r\n        <span class=\"frm_required\" aria-hidden=\"true\"><\/span>\r\n    <\/label>\r\n    <input type=\"text\" id=\"field_eve9d2\" name=\"item_meta[463]\" value=\"\"  data-sectionid=\"460\" data-invmsg=\"Text is invalid\" aria-invalid=\"false\"  \/>\r\n    \r\n    \r\n<\/div>\n<div id=\"frm_field_464_container\" class=\"frm_form_field form-field  frm_top_container frm6\">\r\n    <label for=\"field_mamed2\" id=\"field_mamed2_label\" class=\"frm_primary_label\">Descuento (Porcentaje o cantidad fija)\r\n        <span class=\"frm_required\" aria-hidden=\"true\"><\/span>\r\n    <\/label>\r\n    <input type=\"text\" id=\"field_mamed2\" name=\"item_meta[464]\" value=\"\"  data-sectionid=\"460\" data-invmsg=\"Text is invalid\" aria-invalid=\"false\"  \/>\r\n    \r\n    \r\n<\/div>\n<div id=\"frm_field_465_container\" class=\"frm_form_field form-field  frm_top_container\">\r\n    <label for=\"field_cxecm2\" id=\"field_cxecm2_label\" class=\"frm_primary_label\">Descripci\u00f3n del producto\r\n        <span class=\"frm_required\" aria-hidden=\"true\"><\/span>\r\n    <\/label>\r\n    <textarea name=\"item_meta[465]\" id=\"field_cxecm2\" rows=\"5\"  data-sectionid=\"460\" data-invmsg=\"Paragraph is invalid\" aria-invalid=\"false\"   aria-describedby=\"frm_desc_field_cxecm2\"><\/textarea>\r\n    <div class=\"frm_description\" id=\"frm_desc_field_cxecm2\">Puede a\u00f1adir una descripci\u00f3n detallada del producto o informaci\u00f3n adicional como peso, tama\u00f1o y longitud.<\/div>\r\n    \r\n<\/div>\n<div id=\"frm_field_466_container\" class=\"frm_form_field form-field  frm_top_container frm6 frm_first\">\r\n    <label for=\"field_l9f9c33\" id=\"field_l9f9c33_label\" class=\"frm_primary_label\">Carga de miniaturas de productos (Esta es la imagen principal que ver\u00e1n sus clientes en la p\u00e1gina de la tienda)\r\n        <span class=\"frm_required\" aria-hidden=\"true\"><\/span>\r\n    <\/label>\r\n    <input type=\"hidden\"  data-sectionid=\"460\" data-invmsg=\"File Upload is invalid\" class=\"auto_width\" aria-invalid=\"false\"   name=\"item_meta[466][]\"  value=\"\" data-frmfile=\"466\" \/>\n\n<div class=\"frm_dropzone frm_multi_upload frm_clearfix\" id=\"file466_dropzone\" role=\"group\" >\n\t<div class=\"fallback\">\n\t\t<input type=\"file\" name=\"file466[]\" id=\"field_l9f9c33\"\n\t\t\t data-frmfile=\"466\" multiple=\"multiple\"  data-sectionid=\"460\" data-invmsg=\"File Upload is invalid\" class=\"auto_width\" aria-invalid=\"false\"  \t\t\t\/>\n\t\t\t\t<div class=\"frm_clearfix\"><\/div>\n\t<\/div>\n\t<div class=\"dz-message needsclick\">\n\t\t\t\t<svg  viewbox=\"0 0 18 18\" class=\"frmsvg frm-svg-icon\">\n\t<path viewbox=\"0 0 18 18\" fill-rule=\"evenodd\" clip-rule=\"evenodd\" d=\"M8.2 4v8a.8.8 0 001.5 0V4l2.1 2.2A.7.7 0 1013 5L9.5 1.7a.7.7 0 00-1.1 0L5.1 5.2a.8.8 0 001 1l2.1-2zm7.6 4.3c.4 0 .7.3.7.7v6.8c0 .4-.3.7-.8.7H2.3a.8.8 0 01-.8-.8V9A.8.8 0 013 9v6h12V9c0-.4.3-.8.8-.8z\"><\/path>\n<\/svg>\t\t<span class=\"frm_upload_text\"><button type=\"button\" aria-label=\"Product thumbnail upload (This is the main image your customers will see on the store page). Drop a file here or click to upload. Maximum file size: 150MB\">Suelta un archivo aqu\u00ed o haz click para subir uno<\/button><\/span>\n\t\t<span class=\"frm_compact_text\"><button type=\"button\" aria-label=\"Product thumbnail upload (This is the main image your customers will see on the store page). Choose File. Maximum file size: 150MB\">Choose File<\/button><\/span>\n\t\t<div class=\"frm_small_text\">\n\t\t\t<p>Maximum file size: 150MB<\/p>\n\t\t<\/div>\n\t<\/div>\n<\/div>\n\t\r\n    \r\n    \r\n<\/div>\n<div id=\"frm_field_467_container\" class=\"frm_form_field form-field  frm_top_container frm6\">\r\n    <label for=\"field_jyhin33\" id=\"field_jyhin33_label\" class=\"frm_primary_label\">Carga de la galer\u00eda del producto (Estas son las im\u00e1genes que sus clientes ver\u00e1n en la p\u00e1gina de cada producto)\r\n        <span class=\"frm_required\" aria-hidden=\"true\"><\/span>\r\n    <\/label>\r\n    <input type=\"hidden\"  data-sectionid=\"460\" data-invmsg=\"File Upload is invalid\" class=\"auto_width\" aria-invalid=\"false\"   name=\"item_meta[467][]\"  value=\"\" data-frmfile=\"467\" \/>\n\n<div class=\"frm_dropzone frm_multi_upload frm_clearfix\" id=\"file467_dropzone\" role=\"group\" >\n\t<div class=\"fallback\">\n\t\t<input type=\"file\" name=\"file467[]\" id=\"field_jyhin33\"\n\t\t\t data-frmfile=\"467\" multiple=\"multiple\"  data-sectionid=\"460\" data-invmsg=\"File Upload is invalid\" class=\"auto_width\" aria-invalid=\"false\"  \t\t\t\/>\n\t\t\t\t<div class=\"frm_clearfix\"><\/div>\n\t<\/div>\n\t<div class=\"dz-message needsclick\">\n\t\t\t\t<svg  viewbox=\"0 0 18 18\" class=\"frmsvg frm-svg-icon\">\n\t<path viewbox=\"0 0 18 18\" fill-rule=\"evenodd\" clip-rule=\"evenodd\" d=\"M8.2 4v8a.8.8 0 001.5 0V4l2.1 2.2A.7.7 0 1013 5L9.5 1.7a.7.7 0 00-1.1 0L5.1 5.2a.8.8 0 001 1l2.1-2zm7.6 4.3c.4 0 .7.3.7.7v6.8c0 .4-.3.7-.8.7H2.3a.8.8 0 01-.8-.8V9A.8.8 0 013 9v6h12V9c0-.4.3-.8.8-.8z\"><\/path>\n<\/svg>\t\t<span class=\"frm_upload_text\"><button type=\"button\" aria-label=\"Product gallery upload (These are the images your customers will see on the individual product page). Drop a file here or click to upload. Maximum file size: 150MB\">Suelta un archivo aqu\u00ed o haz click para subir uno<\/button><\/span>\n\t\t<span class=\"frm_compact_text\"><button type=\"button\" aria-label=\"Product gallery upload (These are the images your customers will see on the individual product page). Choose File. Maximum file size: 150MB\">Choose File<\/button><\/span>\n\t\t<div class=\"frm_small_text\">\n\t\t\t<p>Maximum file size: 150MB<\/p>\n\t\t<\/div>\n\t<\/div>\n<\/div>\n\t\r\n    \r\n    \r\n<\/div>\n<input type=\"hidden\" name=\"item_meta[468]\" id=\"field_3cb3e34\" value=\"\" data-frmval=\"\"\/>\n<\/div>\n\t<input type=\"hidden\" name=\"item_key\" value=\"\" \/>\n\t\t\t<div id=\"frm_field_621_container\">\n\t\t\t<label for=\"field_4yprf\" >\n\t\t\t\tIf you are human, leave this field blank.\t\t\t<\/label>\n\t\t\t<input  id=\"field_4yprf\" type=\"text\" class=\"frm_form_field form-field frm_verify\" name=\"item_meta[621]\" value=\"\"  \/>\n\t\t<\/div>\n\t\t<input name=\"frm_state\" type=\"hidden\" value=\"Mnfd29\/uRCHb4oxpHTu0tHlrFwdJQRo7jiy5LfPtTbwl\/XkJo6HoMfrnap+g89la\" \/><div class=\"frm_submit\">\r\n\r\n<button class=\"frm_button_submit frm_final_submit\" type=\"submit\"  >Enviar<\/button>\r\n\r\n\r\n<\/div><\/div>\n<\/fieldset>\n<\/div>\n\n<input type=\"hidden\" name=\"trp-form-language\" value=\"es\"\/><\/form>\n<\/div>\n<\/div>\n\t\t\t\t\t\t<\/div>\n\t\t\t\t<\/div>\n\t\t\t\t\t<\/div>\n\t\t<\/div>\n\t\t\t\t\t<\/div>\n\t\t<\/section>\n\t\t\t\t<\/div>","protected":false},"excerpt":{"rendered":"<p>Formulario de producto E-Commerce<\/p>","protected":false},"author":1,"featured_media":0,"parent":0,"menu_order":0,"comment_status":"closed","ping_status":"closed","template":"","meta":{"footnotes":""},"class_list":["post-17147","page","type-page","status-publish","hentry"],"_links":{"self":[{"href":"https:\/\/tecsoinco.com\/es\/wp-json\/wp\/v2\/pages\/17147","targetHints":{"allow":["GET"]}}],"collection":[{"href":"https:\/\/tecsoinco.com\/es\/wp-json\/wp\/v2\/pages"}],"about":[{"href":"https:\/\/tecsoinco.com\/es\/wp-json\/wp\/v2\/types\/page"}],"author":[{"embeddable":true,"href":"https:\/\/tecsoinco.com\/es\/wp-json\/wp\/v2\/users\/1"}],"replies":[{"embeddable":true,"href":"https:\/\/tecsoinco.com\/es\/wp-json\/wp\/v2\/comments?post=17147"}],"version-history":[{"count":16,"href":"https:\/\/tecsoinco.com\/es\/wp-json\/wp\/v2\/pages\/17147\/revisions"}],"predecessor-version":[{"id":17191,"href":"https:\/\/tecsoinco.com\/es\/wp-json\/wp\/v2\/pages\/17147\/revisions\/17191"}],"wp:attachment":[{"href":"https:\/\/tecsoinco.com\/es\/wp-json\/wp\/v2\/media?parent=17147"}],"curies":[{"name":"wp","href":"https:\/\/api.w.org\/{rel}","templated":true}]}}